    {"id":35,"date":"2023-09-20T02:08:55","date_gmt":"2023-09-20T02:08:55","guid":{"rendered":"https:\/\/okays.me\/?page_id=35"},"modified":"2025-09-10T18:14:39","modified_gmt":"2025-09-10T18:14:39","slug":"about","status":"publish","type":"page","link":"https:\/\/okays.me\/es\/about\/","title":{"rendered":"Sobre nosotros"},"content":{"rendered":"<p>Bienvenido a <strong>Me parece bien<\/strong> \u2013 su centro de contenido de referencia para <em>Entretenimiento<\/em>, <em>Curiosidades<\/em>, <em>Estilo de vida<\/em>, y <em>Aplicaciones<\/em>Ya sea que busques entretenerte, obtener nuevas ideas o descubrir las \u00faltimas tendencias y aplicaciones de estilo de vida, Okays Me est\u00e1 aqu\u00ed para mejorar tu experiencia de navegaci\u00f3n.<\/p>\n\n\n\n<h3 class=\"wp-block-heading\">\u00bfQu\u00e9 nos motiva?<\/h3>\n\n\n\n<p>En Okays Me, creemos que el contenido debe ser atractivo, divertido y enriquecedor. Nuestra misi\u00f3n es ofrecer una combinaci\u00f3n de contenido creativo y f\u00e1cil de leer que informe, inspire y te anime a volver por m\u00e1s. Porque para nosotros, compartir buenas ideas no se trata solo de popularidad, sino de conectar y disfrutar.<\/p>\n\n\n\n<h3 class=\"wp-block-heading\">Quienes somos<\/h3>\n\n\n\n<p>Somos un equipo apasionado de creadores de contenido, narradores y amantes de las tendencias que disfrutan dando vida a ideas interesantes. Okays Me naci\u00f3 del deseo de crear contenido divertido y \u00fatil que amenice tu d\u00eda, ya sea un dato curioso, un truco de estilo de vida o la recomendaci\u00f3n de una aplicaci\u00f3n.<\/p>\n\n\n\n<p>Aqu\u00ed no eres solo un visitante. Formas parte de una comunidad que valora la curiosidad, la diversi\u00f3n y los descubrimientos significativos.<\/p>\n\n\n\n<h3 class=\"wp-block-heading\">Complicarse<\/h3>\n\n\n\n<p>\u00bfTienes una idea para un art\u00edculo? \u00bfQuieres compartir tu opini\u00f3n sobre algo que podr\u00edamos destacar? Nos encantar\u00eda saber de ti. En Okays Me, tus sugerencias impulsan nuestra creaci\u00f3n de contenido y dan forma a lo que exploraremos a continuaci\u00f3n.<\/p>\n\n\n\n<p>Creemos algo divertido, juntos: una historia, una idea, un momento a la vez.<\/p>\n\n\n\n<p>\u00a9 2025 okays.me. Todos los derechos reservados.<\/p>","protected":false},"excerpt":{"rendered":"<p>Bienvenido a Okays Me, tu centro de contenido de referencia para entretenimiento, curiosidades, estilo de vida y apps. Ya sea que busques entretenerte, descubrir nuevas ideas o descubrir las \u00faltimas tendencias y apps de estilo de vida, Okays Me est\u00e1 aqu\u00ed para mejorar tu experiencia de navegaci\u00f3n. Qu\u00e9 nos motiva: En Okays Me, creemos que el contenido debe ser atractivo, divertido, [\u2026]<\/p>","protected":false},"author":50,"featured_media":0,"parent":0,"menu_order":0,"comment_status":"closed","ping_status":"closed","template":"","meta":{"footnotes":""},"yoast_head":"<!-- This site is optimized with the Yoast SEO plugin v23.3 - https:\/\/yoast.com\/wordpress\/plugins\/seo\/ -->\n<title>About us - okays.me<\/title>\n<meta name=\"robots\" content=\"index, follow, max-snippet:-1, max-image-preview:large, max-video-preview:-1\" \/>\n<link rel=\"canonical\" href=\"https:\/\/okays.me\/es\/about\/\" \/>\n<meta property=\"og:locale\" content=\"es_ES\" \/>\n<meta property=\"og:type\" content=\"article\" \/>\n<meta property=\"og:title\" content=\"About us - okays.me\" \/>\n<meta property=\"og:description\" content=\"Welcome to Okays Me \u2013 your go-to content hub for Entertainment, Curiosities, Lifestyle, and Apps. Whether you&#8217;re looking to stay entertained, gain new insights, or discover the latest in lifestyle trends and apps, Okays Me is here to brighten your browsing experience. What drives us At Okays Me, we believe content should be engaging, fun, [&hellip;]\" \/>\n<meta property=\"og:url\" content=\"https:\/\/okays.me\/es\/about\/\" \/>\n<meta property=\"og:site_name\" content=\"okays.me\" \/>\n<meta property=\"article:modified_time\" content=\"2025-09-10T18:14:39+00:00\" \/>\n<meta name=\"twitter:card\" content=\"summary_large_image\" \/>\n<meta name=\"twitter:label1\" content=\"Est. reading time\" \/>\n\t<meta name=\"twitter:data1\" content=\"1 minuto\" \/>\n<script type=\"application\/ld+json\" class=\"yoast-schema-graph\">{\"@context\":\"https:\/\/schema.org\",\"@graph\":[{\"@type\":\"WebPage\",\"@id\":\"https:\/\/okays.me\/about\/\",\"url\":\"https:\/\/okays.me\/about\/\",\"name\":\"About us - okays.me\",\"isPartOf\":{\"@id\":\"https:\/\/okays.me\/#website\"},\"datePublished\":\"2023-09-20T02:08:55+00:00\",\"dateModified\":\"2025-09-10T18:14:39+00:00\",\"breadcrumb\":{\"@id\":\"https:\/\/okays.me\/about\/#breadcrumb\"},\"inLanguage\":\"es\",\"potentialAction\":[{\"@type\":\"ReadAction\",\"target\":[\"https:\/\/okays.me\/about\/\"]}]},{\"@type\":\"BreadcrumbList\",\"@id\":\"https:\/\/okays.me\/about\/#breadcrumb\",\"itemListElement\":[{\"@type\":\"ListItem\",\"position\":1,\"name\":\"Home\",\"item\":\"https:\/\/okays.me\/\"},{\"@type\":\"ListItem\",\"position\":2,\"name\":\"About us\"}]},{\"@type\":\"WebSite\",\"@id\":\"https:\/\/okays.me\/#website\",\"url\":\"https:\/\/okays.me\/\",\"name\":\"okays.me\",\"description\":\"\",\"publisher\":{\"@id\":\"https:\/\/okays.me\/#organization\"},\"potentialAction\":[{\"@type\":\"SearchAction\",\"target\":{\"@type\":\"EntryPoint\",\"urlTemplate\":\"https:\/\/okays.me\/?s={search_term_string}\"},\"query-input\":\"required name=search_term_string\"}],\"inLanguage\":\"es\"},{\"@type\":\"Organization\",\"@id\":\"https:\/\/okays.me\/#organization\",\"name\":\"okays.me\",\"url\":\"https:\/\/okays.me\/\",\"logo\":{\"@type\":\"ImageObject\",\"inLanguage\":\"es\",\"@id\":\"https:\/\/okays.me\/#\/schema\/logo\/image\/\",\"url\":\"https:\/\/okays.me\/wp-content\/uploads\/sites\/44\/2024\/07\/cropped-cropped-Screenshot_at_Jul_26_12-26-55-removebg-preview.png\",\"contentUrl\":\"https:\/\/okays.me\/wp-content\/uploads\/sites\/44\/2024\/07\/cropped-cropped-Screenshot_at_Jul_26_12-26-55-removebg-preview.png\",\"width\":512,\"height\":512,\"caption\":\"okays.me\"},\"image\":{\"@id\":\"https:\/\/okays.me\/#\/schema\/logo\/image\/\"}}]}<\/script>\n<!-- \/ Yoast SEO plugin. -->","yoast_head_json":{"title":"About us - okays.me","robots":{"index":"index","follow":"follow","max-snippet":"max-snippet:-1","max-image-preview":"max-image-preview:large","max-video-preview":"max-video-preview:-1"},"canonical":"https:\/\/okays.me\/es\/about\/","og_locale":"es_ES","og_type":"article","og_title":"About us - okays.me","og_description":"Welcome to Okays Me \u2013 your go-to content hub for Entertainment, Curiosities, Lifestyle, and Apps. Whether you&#8217;re looking to stay entertained, gain new insights, or discover the latest in lifestyle trends and apps, Okays Me is here to brighten your browsing experience. What drives us At Okays Me, we believe content should be engaging, fun, [&hellip;]","og_url":"https:\/\/okays.me\/es\/about\/","og_site_name":"okays.me","article_modified_time":"2025-09-10T18:14:39+00:00","twitter_card":"summary_large_image","twitter_misc":{"Est. reading time":"1 minuto"},"schema":{"@context":"https:\/\/schema.org","@graph":[{"@type":"WebPage","@id":"https:\/\/okays.me\/about\/","url":"https:\/\/okays.me\/about\/","name":"About us - okays.me","isPartOf":{"@id":"https:\/\/okays.me\/#website"},"datePublished":"2023-09-20T02:08:55+00:00","dateModified":"2025-09-10T18:14:39+00:00","breadcrumb":{"@id":"https:\/\/okays.me\/about\/#breadcrumb"},"inLanguage":"es","potentialAction":[{"@type":"ReadAction","target":["https:\/\/okays.me\/about\/"]}]},{"@type":"BreadcrumbList","@id":"https:\/\/okays.me\/about\/#breadcrumb","itemListElement":[{"@type":"ListItem","position":1,"name":"Home","item":"https:\/\/okays.me\/"},{"@type":"ListItem","position":2,"name":"About us"}]},{"@type":"WebSite","@id":"https:\/\/okays.me\/#website","url":"https:\/\/okays.me\/","name":"okays.me","description":"","publisher":{"@id":"https:\/\/okays.me\/#organization"},"potentialAction":[{"@type":"SearchAction","target":{"@type":"EntryPoint","urlTemplate":"https:\/\/okays.me\/?s={search_term_string}"},"query-input":"required name=search_term_string"}],"inLanguage":"es"},{"@type":"Organization","@id":"https:\/\/okays.me\/#organization","name":"okays.me","url":"https:\/\/okays.me\/","logo":{"@type":"ImageObject","inLanguage":"es","@id":"https:\/\/okays.me\/#\/schema\/logo\/image\/","url":"https:\/\/okays.me\/wp-content\/uploads\/sites\/44\/2024\/07\/cropped-cropped-Screenshot_at_Jul_26_12-26-55-removebg-preview.png","contentUrl":"https:\/\/okays.me\/wp-content\/uploads\/sites\/44\/2024\/07\/cropped-cropped-Screenshot_at_Jul_26_12-26-55-removebg-preview.png","width":512,"height":512,"caption":"okays.me"},"image":{"@id":"https:\/\/okays.me\/#\/schema\/logo\/image\/"}}]}},"_links":{"self":[{"href":"https:\/\/okays.me\/es\/wp-json\/wp\/v2\/pages\/35"}],"collection":[{"href":"https:\/\/okays.me\/es\/wp-json\/wp\/v2\/pages"}],"about":[{"href":"https:\/\/okays.me\/es\/wp-json\/wp\/v2\/types\/page"}],"author":[{"embeddable":true,"href":"https:\/\/okays.me\/es\/wp-json\/wp\/v2\/users\/50"}],"replies":[{"embeddable":true,"href":"https:\/\/okays.me\/es\/wp-json\/wp\/v2\/comments?post=35"}],"version-history":[{"count":3,"href":"https:\/\/okays.me\/es\/wp-json\/wp\/v2\/pages\/35\/revisions"}],"predecessor-version":[{"id":2524,"href":"https:\/\/okays.me\/es\/wp-json\/wp\/v2\/pages\/35\/revisions\/2524"}],"wp:attachment":[{"href":"https:\/\/okays.me\/es\/wp-json\/wp\/v2\/media?parent=35"}],"curies":[{"name":"wp","href":"https:\/\/api.w.org\/{rel}","templated":true}]}}