    {"id":31,"date":"2023-09-20T01:06:00","date_gmt":"2023-09-20T01:06:00","guid":{"rendered":"https:\/\/okays.me\/?page_id=31"},"modified":"2025-11-24T18:22:07","modified_gmt":"2025-11-24T18:22:07","slug":"contact","status":"publish","type":"page","link":"https:\/\/okays.me\/es\/contact\/","title":{"rendered":"Cont\u00e1ctanos"},"content":{"rendered":"<p>Gracias por visitarnos <strong>Me parece bien<\/strong>, tu plataforma de referencia para <em>Entretenimiento<\/em>, <em>Curiosidades<\/em>, <em>Estilo de vida<\/em>, y <em>Aplicaciones<\/em> Contenido. Valoramos mucho cada mensaje y estamos aqu\u00ed para apoyarte, conectarte y colaborar contigo.<\/p>\n\n\n\n<h3 class=\"wp-block-heading\">Consultas generales<\/h3>\n\n\n\n<p>\u00bfTienes alguna pregunta sobre Okays Me o simplemente quieres contactarnos? Escr\u00edbenos a <strong>contacto@okays.me<\/strong><br>Nos encanta saber de nuestra comunidad y nos comunicaremos con usted lo antes posible.<\/p>\n\n\n\n<h3 class=\"wp-block-heading\">Sugerencias y contribuciones de contenido<\/h3>\n\n\n\n<p>\u00bfTienes una idea para un nuevo art\u00edculo? \u00bfQuieres compartir tu experiencia o sugerir un tema que deber\u00edamos abordar? Cont\u00e1ctanos. <strong>contacto@okays.me<\/strong><br>Siempre estamos buscando nuevas perspectivas y voces creativas.<\/p>\n\n\n\n<h3 class=\"wp-block-heading\">Apoyo t\u00e9cnico<\/h3>\n\n\n\n<p>\u00bfTienes problemas con nuestra plataforma o necesitas ayuda para acceder al contenido? No dudes en contactarnos. <strong>contacto@okays.me<\/strong><br>Estamos aqu\u00ed para garantizar que su experiencia con Okays Me sea fluida y agradable.<\/p>\n\n\n\n<h3 class=\"wp-block-heading\">Mantente conectado<\/h3>\n\n\n\n<p>Okays Me es una plataforma digital dise\u00f1ada para mentes curiosas de todo el mundo. Si bien no operamos desde una oficina f\u00edsica, siempre estamos en l\u00ednea, listos para escucharte, apoyarte y crecer contigo.<\/p>\n\n\n\n<p>Gracias de nuevo por formar parte de la comunidad Okays Me. \u00a1Esperamos tener noticias tuyas!<\/p>\n\n\n\n<p>Un cordial saludo,<br>El equipo de Okays Me<\/p>\n\n\n\n<p>\u00a9 2025 okays.me. Todos los derechos reservados.<\/p>","protected":false},"excerpt":{"rendered":"<p>Gracias por visitar Okays Me, tu plataforma de referencia para contenido de entretenimiento, curiosidades, estilo de vida y apps. Valoramos mucho cada mensaje y estamos aqu\u00ed para apoyarte, conectarte y colaborar contigo. Consultas generales: \u00bfTienes alguna pregunta sobre Okays Me o simplemente quieres contactarnos? Escr\u00edbenos a contact@okays.me. Nos encanta saber de nuestra comunidad y [\u2026]<\/p>","protected":false},"author":50,"featured_media":0,"parent":0,"menu_order":0,"comment_status":"closed","ping_status":"closed","template":"","meta":{"footnotes":""},"yoast_head":"<!-- This site is optimized with the Yoast SEO plugin v23.3 - https:\/\/yoast.com\/wordpress\/plugins\/seo\/ -->\n<title>Contact us - okays.me<\/title>\n<meta name=\"robots\" content=\"index, follow, max-snippet:-1, max-image-preview:large, max-video-preview:-1\" \/>\n<link rel=\"canonical\" href=\"https:\/\/okays.me\/es\/contact\/\" \/>\n<meta property=\"og:locale\" content=\"es_ES\" \/>\n<meta property=\"og:type\" content=\"article\" \/>\n<meta property=\"og:title\" content=\"Contact us - okays.me\" \/>\n<meta property=\"og:description\" content=\"Thank you for visiting Okays Me, your go-to platform for Entertainment, Curiosities, Lifestyle, and Apps content. We truly value every message and are here to support, connect, and collaborate with you. General Inquiries Have a question about Okays Me or just want to reach out? Email us at contact@okays.meWe love hearing from our community and [&hellip;]\" \/>\n<meta property=\"og:url\" content=\"https:\/\/okays.me\/es\/contact\/\" \/>\n<meta property=\"og:site_name\" content=\"okays.me\" \/>\n<meta property=\"article:modified_time\" content=\"2025-11-24T18:22:07+00:00\" \/>\n<meta name=\"twitter:card\" content=\"summary_large_image\" \/>\n<meta name=\"twitter:label1\" content=\"Est. reading time\" \/>\n\t<meta name=\"twitter:data1\" content=\"1 minuto\" \/>\n<script type=\"application\/ld+json\" class=\"yoast-schema-graph\">{\"@context\":\"https:\/\/schema.org\",\"@graph\":[{\"@type\":\"WebPage\",\"@id\":\"https:\/\/okays.me\/contact\/\",\"url\":\"https:\/\/okays.me\/contact\/\",\"name\":\"Contact us - okays.me\",\"isPartOf\":{\"@id\":\"https:\/\/okays.me\/#website\"},\"datePublished\":\"2023-09-20T01:06:00+00:00\",\"dateModified\":\"2025-11-24T18:22:07+00:00\",\"breadcrumb\":{\"@id\":\"https:\/\/okays.me\/contact\/#breadcrumb\"},\"inLanguage\":\"es\",\"potentialAction\":[{\"@type\":\"ReadAction\",\"target\":[\"https:\/\/okays.me\/contact\/\"]}]},{\"@type\":\"BreadcrumbList\",\"@id\":\"https:\/\/okays.me\/contact\/#breadcrumb\",\"itemListElement\":[{\"@type\":\"ListItem\",\"position\":1,\"name\":\"Home\",\"item\":\"https:\/\/okays.me\/\"},{\"@type\":\"ListItem\",\"position\":2,\"name\":\"Contact us\"}]},{\"@type\":\"WebSite\",\"@id\":\"https:\/\/okays.me\/#website\",\"url\":\"https:\/\/okays.me\/\",\"name\":\"okays.me\",\"description\":\"\",\"publisher\":{\"@id\":\"https:\/\/okays.me\/#organization\"},\"potentialAction\":[{\"@type\":\"SearchAction\",\"target\":{\"@type\":\"EntryPoint\",\"urlTemplate\":\"https:\/\/okays.me\/?s={search_term_string}\"},\"query-input\":\"required name=search_term_string\"}],\"inLanguage\":\"es\"},{\"@type\":\"Organization\",\"@id\":\"https:\/\/okays.me\/#organization\",\"name\":\"okays.me\",\"url\":\"https:\/\/okays.me\/\",\"logo\":{\"@type\":\"ImageObject\",\"inLanguage\":\"es\",\"@id\":\"https:\/\/okays.me\/#\/schema\/logo\/image\/\",\"url\":\"https:\/\/okays.me\/wp-content\/uploads\/sites\/44\/2024\/07\/cropped-cropped-Screenshot_at_Jul_26_12-26-55-removebg-preview.png\",\"contentUrl\":\"https:\/\/okays.me\/wp-content\/uploads\/sites\/44\/2024\/07\/cropped-cropped-Screenshot_at_Jul_26_12-26-55-removebg-preview.png\",\"width\":512,\"height\":512,\"caption\":\"okays.me\"},\"image\":{\"@id\":\"https:\/\/okays.me\/#\/schema\/logo\/image\/\"}}]}<\/script>\n<!-- \/ Yoast SEO plugin. -->","yoast_head_json":{"title":"Contact us - okays.me","robots":{"index":"index","follow":"follow","max-snippet":"max-snippet:-1","max-image-preview":"max-image-preview:large","max-video-preview":"max-video-preview:-1"},"canonical":"https:\/\/okays.me\/es\/contact\/","og_locale":"es_ES","og_type":"article","og_title":"Contact us - okays.me","og_description":"Thank you for visiting Okays Me, your go-to platform for Entertainment, Curiosities, Lifestyle, and Apps content. We truly value every message and are here to support, connect, and collaborate with you. General Inquiries Have a question about Okays Me or just want to reach out? Email us at contact@okays.meWe love hearing from our community and [&hellip;]","og_url":"https:\/\/okays.me\/es\/contact\/","og_site_name":"okays.me","article_modified_time":"2025-11-24T18:22:07+00:00","twitter_card":"summary_large_image","twitter_misc":{"Est. reading time":"1 minuto"},"schema":{"@context":"https:\/\/schema.org","@graph":[{"@type":"WebPage","@id":"https:\/\/okays.me\/contact\/","url":"https:\/\/okays.me\/contact\/","name":"Contact us - okays.me","isPartOf":{"@id":"https:\/\/okays.me\/#website"},"datePublished":"2023-09-20T01:06:00+00:00","dateModified":"2025-11-24T18:22:07+00:00","breadcrumb":{"@id":"https:\/\/okays.me\/contact\/#breadcrumb"},"inLanguage":"es","potentialAction":[{"@type":"ReadAction","target":["https:\/\/okays.me\/contact\/"]}]},{"@type":"BreadcrumbList","@id":"https:\/\/okays.me\/contact\/#breadcrumb","itemListElement":[{"@type":"ListItem","position":1,"name":"Home","item":"https:\/\/okays.me\/"},{"@type":"ListItem","position":2,"name":"Contact us"}]},{"@type":"WebSite","@id":"https:\/\/okays.me\/#website","url":"https:\/\/okays.me\/","name":"okays.me","description":"","publisher":{"@id":"https:\/\/okays.me\/#organization"},"potentialAction":[{"@type":"SearchAction","target":{"@type":"EntryPoint","urlTemplate":"https:\/\/okays.me\/?s={search_term_string}"},"query-input":"required name=search_term_string"}],"inLanguage":"es"},{"@type":"Organization","@id":"https:\/\/okays.me\/#organization","name":"okays.me","url":"https:\/\/okays.me\/","logo":{"@type":"ImageObject","inLanguage":"es","@id":"https:\/\/okays.me\/#\/schema\/logo\/image\/","url":"https:\/\/okays.me\/wp-content\/uploads\/sites\/44\/2024\/07\/cropped-cropped-Screenshot_at_Jul_26_12-26-55-removebg-preview.png","contentUrl":"https:\/\/okays.me\/wp-content\/uploads\/sites\/44\/2024\/07\/cropped-cropped-Screenshot_at_Jul_26_12-26-55-removebg-preview.png","width":512,"height":512,"caption":"okays.me"},"image":{"@id":"https:\/\/okays.me\/#\/schema\/logo\/image\/"}}]}},"_links":{"self":[{"href":"https:\/\/okays.me\/es\/wp-json\/wp\/v2\/pages\/31"}],"collection":[{"href":"https:\/\/okays.me\/es\/wp-json\/wp\/v2\/pages"}],"about":[{"href":"https:\/\/okays.me\/es\/wp-json\/wp\/v2\/types\/page"}],"author":[{"embeddable":true,"href":"https:\/\/okays.me\/es\/wp-json\/wp\/v2\/users\/50"}],"replies":[{"embeddable":true,"href":"https:\/\/okays.me\/es\/wp-json\/wp\/v2\/comments?post=31"}],"version-history":[{"count":3,"href":"https:\/\/okays.me\/es\/wp-json\/wp\/v2\/pages\/31\/revisions"}],"predecessor-version":[{"id":2896,"href":"https:\/\/okays.me\/es\/wp-json\/wp\/v2\/pages\/31\/revisions\/2896"}],"wp:attachment":[{"href":"https:\/\/okays.me\/es\/wp-json\/wp\/v2\/media?parent=31"}],"curies":[{"name":"wp","href":"https:\/\/api.w.org\/{rel}","templated":true}]}}